{"id":2853,"date":"2015-08-11T17:34:55","date_gmt":"2015-08-11T15:34:55","guid":{"rendered":"https:\/\/experienciasapie.com\/?page_id=2853"},"modified":"2016-06-06T14:25:11","modified_gmt":"2016-06-06T12:25:11","slug":"guida-turistica-di-siviglia","status":"publish","type":"page","link":"https:\/\/experienciasapie.com\/it\/guida-turistica-di-siviglia\/","title":{"rendered":"LASCIATI ISPIRARE | GUIDA TURISTICA DI SIVIGLIA"},"content":{"rendered":"<div class=\"wpb-content-wrapper\"><p>[vc_row][vc_column][vc_column_text]<\/p>\n<h3 style=\"text-align: justify;\">Questa sezione vuole essere una guida turistica che ti fornisce numerose informazioni su cosa fare e visitare a Siviglia, cos\u00ec potrai lasciarti ispirare da luoghi e angoli magici della citt\u00e0 che non puoi perderti e potrai utilizzarla per creare un tour su misura per te.<\/h3>\n<h3 style=\"text-align: justify;\">Ricordati che non ci limitiamo solo a Siviglia, ma ci dedichiamo anche ad aree naturali, come per esempio Do\u00f1ana o la Sierra de Grazalema.\u00a0Noi di apie siamo desiderosi di entrare in contatto con le tue emozioni e vorremmo che tu costruissi con noi la tua <a href=\"https:\/\/www.facebook.com\/Experienciasapie\/\">#Experienciapie<\/a> personalizzata.<\/h3>\n<h3 style=\"text-align: justify;\"><\/h3>\n<p>[\/vc_column_text][vc_column_text][go_portfolio id=&#8221;inspirate&#8221;][\/vc_column_text][bsf-info-box icon=&#8221;Defaults-envelope-alt&#8221; icon_size=&#8221;32&#8243; icon_color=&#8221;#f00e68&#8243; title=&#8221;Per ulteriori informazioni non esitate a contattarci, saremo felici di aiutarvi&#8221; read_more=&#8221;box&#8221; link=&#8221;url:https%3A%2F%2Fexperienciasapie.com%2Fit%2Fcontatti%2F|title:Contatti|target:%20_blank&#8221; hover_effect=&#8221;style_2&#8243; pos=&#8221;left&#8221;][\/bsf-info-box][\/vc_column][\/vc_row][vc_row][vc_column][vc_separator][vc_column_text]<\/p>\n<h6 style=\"text-align: justify;\">La informiamo che i dati forniti in questo modulo verranno inseriti in un schedario sotto al nostra responsibilit\u00e0, per il trattamento dei suoi dati personali con finalit\u00e0 informative riguardanti i prodotti che offre APIE EXPERIENCIAS TUR\u00ccSTICAS GUIADAS SLU. Lei, quale diretto interessato, ha il diritto di accedre, rettificare, cancellare o opporsi al trattamento dei suoi dati personali ed autorizza ad essere insierito nello schedario, nei confronti del quale potr\u00e0 esercitare i suoi diritti, e ricevere informazioni e pubblicit\u00e0 dei nostri prodotti e servizi.<\/h6>\n<h6 style=\"text-align: justify;\">I diritti sopra citati potranno essere esercitati davanti ad APIE EXPERIENCIAS TUR\u00ccSTICAS GUIADAS SL., alla casella postale <a href=\"mailto:info@experienciasapie.com\">info@experienciasapie.com<\/a> (Ai sensi della Ley org\u00e1nica 15\/1999 de 13 de diciembre de protecci\u00f3n de datos de car\u00e1cter personal).<\/h6>\n<p>[\/vc_column_text][\/vc_column][\/vc_row]<\/p>\n<\/div>","protected":false},"excerpt":{"rendered":"<p>[vc_row][vc_column][vc_column_text] Questa sezione vuole essere una guida turistica che ti fornisce numerose informazioni su cosa fare e visitare a Siviglia, cos\u00ec potrai lasciarti ispirare da luoghi e angoli magici della citt\u00e0 che non puoi perderti e potrai utilizzarla per creare un tour su misura per&#8230;<\/p>\n","protected":false},"author":9192197,"featured_media":7231,"parent":0,"menu_order":0,"comment_status":"open","ping_status":"open","template":"page-FullWidth.php","meta":{"_acf_changed":false,"footnotes":""},"class_list":["post-2853","page","type-page","status-publish","has-post-thumbnail","hentry"],"acf":[],"yoast_head":"<!-- This site is optimized with the Yoast SEO plugin v27.5 - https:\/\/yoast.com\/product\/yoast-seo-wordpress\/ -->\n<title>Guida Turistica di Siviglia | Cosa vedere e cosa fare a Siviglia<\/title>\n<meta name=\"description\" content=\"Vorremmo farti da guida su cosa vedere e fare a Siviglia, affinch\u00e8 tu possa creare la tua esperienza a piedi personalizzata.\" \/>\n<meta name=\"robots\" content=\"index, follow, max-snippet:-1, max-image-preview:large, max-video-preview:-1\" \/>\n<link rel=\"canonical\" href=\"https:\/\/experienciasapie.com\/it\/guida-turistica-di-siviglia\/\" \/>\n<meta property=\"og:locale\" content=\"it_IT\" \/>\n<meta property=\"og:type\" content=\"article\" \/>\n<meta property=\"og:title\" content=\"Guida Turistica di Siviglia | Cosa vedere e cosa fare a Siviglia\" \/>\n<meta property=\"og:description\" content=\"Vorremmo farti da guida su cosa vedere e fare a Siviglia, affinch\u00e8 tu possa creare la tua esperienza a piedi personalizzata.\" \/>\n<meta property=\"og:url\" content=\"https:\/\/experienciasapie.com\/it\/guida-turistica-di-siviglia\/\" \/>\n<meta property=\"og:site_name\" content=\"apie | Sevilla Visitas Guiadas\" \/>\n<meta property=\"article:publisher\" content=\"https:\/\/www.facebook.com\/Experienciasapie\" \/>\n<meta property=\"article:modified_time\" content=\"2016-06-06T12:25:11+00:00\" \/>\n<meta property=\"og:image\" content=\"https:\/\/experienciasapie.com\/wp-content\/uploads\/2014\/07\/Insp\u00edrate-ITA.jpg\" \/>\n\t<meta property=\"og:image:width\" content=\"960\" \/>\n\t<meta property=\"og:image:height\" content=\"720\" \/>\n\t<meta property=\"og:image:type\" content=\"image\/jpeg\" \/>\n<meta name=\"twitter:card\" content=\"summary_large_image\" \/>\n<meta name=\"twitter:site\" content=\"@APIExperiencias\" \/>\n<meta name=\"twitter:label1\" content=\"Tempo di lettura stimato\" \/>\n\t<meta name=\"twitter:data1\" content=\"2 minuti\" \/>\n<script type=\"application\/ld+json\" class=\"yoast-schema-graph\">{\"@context\":\"https:\\\/\\\/schema.org\",\"@graph\":[{\"@type\":\"WebPage\",\"@id\":\"https:\\\/\\\/experienciasapie.com\\\/it\\\/guida-turistica-di-siviglia\\\/\",\"url\":\"https:\\\/\\\/experienciasapie.com\\\/it\\\/guida-turistica-di-siviglia\\\/\",\"name\":\"Guida Turistica di Siviglia | Cosa vedere e cosa fare a Siviglia\",\"isPartOf\":{\"@id\":\"https:\\\/\\\/experienciasapie.com\\\/it\\\/#website\"},\"primaryImageOfPage\":{\"@id\":\"https:\\\/\\\/experienciasapie.com\\\/it\\\/guida-turistica-di-siviglia\\\/#primaryimage\"},\"image\":{\"@id\":\"https:\\\/\\\/experienciasapie.com\\\/it\\\/guida-turistica-di-siviglia\\\/#primaryimage\"},\"thumbnailUrl\":\"https:\\\/\\\/experienciasapie.com\\\/wp-content\\\/uploads\\\/2014\\\/07\\\/Insp\u00edrate-ITA.jpg\",\"datePublished\":\"2015-08-11T15:34:55+00:00\",\"dateModified\":\"2016-06-06T12:25:11+00:00\",\"description\":\"Vorremmo farti da guida su cosa vedere e fare a Siviglia, affinch\u00e8 tu possa creare la tua esperienza a piedi personalizzata.\",\"breadcrumb\":{\"@id\":\"https:\\\/\\\/experienciasapie.com\\\/it\\\/guida-turistica-di-siviglia\\\/#breadcrumb\"},\"inLanguage\":\"it-IT\",\"potentialAction\":[{\"@type\":\"ReadAction\",\"target\":[\"https:\\\/\\\/experienciasapie.com\\\/it\\\/guida-turistica-di-siviglia\\\/\"]}]},{\"@type\":\"ImageObject\",\"inLanguage\":\"it-IT\",\"@id\":\"https:\\\/\\\/experienciasapie.com\\\/it\\\/guida-turistica-di-siviglia\\\/#primaryimage\",\"url\":\"https:\\\/\\\/experienciasapie.com\\\/wp-content\\\/uploads\\\/2014\\\/07\\\/Insp\u00edrate-ITA.jpg\",\"contentUrl\":\"https:\\\/\\\/experienciasapie.com\\\/wp-content\\\/uploads\\\/2014\\\/07\\\/Insp\u00edrate-ITA.jpg\",\"width\":960,\"height\":720,\"caption\":\"Guida Turistica di Siviglia\"},{\"@type\":\"BreadcrumbList\",\"@id\":\"https:\\\/\\\/experienciasapie.com\\\/it\\\/guida-turistica-di-siviglia\\\/#breadcrumb\",\"itemListElement\":[{\"@type\":\"ListItem\",\"position\":1,\"name\":\"Experiencias Apie\",\"item\":\"https:\\\/\\\/experienciasapie.com\\\/it\\\/\"},{\"@type\":\"ListItem\",\"position\":2,\"name\":\"LASCIATI ISPIRARE | GUIDA TURISTICA DI SIVIGLIA\"}]},{\"@type\":\"WebSite\",\"@id\":\"https:\\\/\\\/experienciasapie.com\\\/it\\\/#website\",\"url\":\"https:\\\/\\\/experienciasapie.com\\\/it\\\/\",\"name\":\"apie | Sevilla Visitas Guiadas\",\"description\":\"Visitas guiadas por Sevilla\",\"publisher\":{\"@id\":\"https:\\\/\\\/experienciasapie.com\\\/it\\\/#organization\"},\"potentialAction\":[{\"@type\":\"SearchAction\",\"target\":{\"@type\":\"EntryPoint\",\"urlTemplate\":\"https:\\\/\\\/experienciasapie.com\\\/it\\\/?s={search_term_string}\"},\"query-input\":{\"@type\":\"PropertyValueSpecification\",\"valueRequired\":true,\"valueName\":\"search_term_string\"}}],\"inLanguage\":\"it-IT\"},{\"@type\":\"Organization\",\"@id\":\"https:\\\/\\\/experienciasapie.com\\\/it\\\/#organization\",\"name\":\"apie Experiencias Tur\u00edsticas Guiadas\",\"url\":\"https:\\\/\\\/experienciasapie.com\\\/it\\\/\",\"logo\":{\"@type\":\"ImageObject\",\"inLanguage\":\"it-IT\",\"@id\":\"https:\\\/\\\/experienciasapie.com\\\/it\\\/#\\\/schema\\\/logo\\\/image\\\/\",\"url\":\"https:\\\/\\\/experienciasapie.com\\\/wp-content\\\/uploads\\\/2015\\\/12\\\/logo_apie_leyenda_positivo-2.png\",\"contentUrl\":\"https:\\\/\\\/experienciasapie.com\\\/wp-content\\\/uploads\\\/2015\\\/12\\\/logo_apie_leyenda_positivo-2.png\",\"width\":939,\"height\":507,\"caption\":\"apie Experiencias Tur\u00edsticas Guiadas\"},\"image\":{\"@id\":\"https:\\\/\\\/experienciasapie.com\\\/it\\\/#\\\/schema\\\/logo\\\/image\\\/\"},\"sameAs\":[\"https:\\\/\\\/www.facebook.com\\\/Experienciasapie\",\"https:\\\/\\\/x.com\\\/APIExperiencias\",\"https:\\\/\\\/www.linkedin.com\\\/company\\\/apie-experiencias-guiadas\",\"https:\\\/\\\/www.youtube.com\\\/channel\\\/UCWevTFw8lAZZpE57iT1MeGg\"]}]}<\/script>\n<!-- \/ Yoast SEO plugin. -->","yoast_head_json":{"title":"Guida Turistica di Siviglia | Cosa vedere e cosa fare a Siviglia","description":"Vorremmo farti da guida su cosa vedere e fare a Siviglia, affinch\u00e8 tu possa creare la tua esperienza a piedi personalizzata.","robots":{"index":"index","follow":"follow","max-snippet":"max-snippet:-1","max-image-preview":"max-image-preview:large","max-video-preview":"max-video-preview:-1"},"canonical":"https:\/\/experienciasapie.com\/it\/guida-turistica-di-siviglia\/","og_locale":"it_IT","og_type":"article","og_title":"Guida Turistica di Siviglia | Cosa vedere e cosa fare a Siviglia","og_description":"Vorremmo farti da guida su cosa vedere e fare a Siviglia, affinch\u00e8 tu possa creare la tua esperienza a piedi personalizzata.","og_url":"https:\/\/experienciasapie.com\/it\/guida-turistica-di-siviglia\/","og_site_name":"apie | Sevilla Visitas Guiadas","article_publisher":"https:\/\/www.facebook.com\/Experienciasapie","article_modified_time":"2016-06-06T12:25:11+00:00","og_image":[{"width":960,"height":720,"url":"https:\/\/experienciasapie.com\/wp-content\/uploads\/2014\/07\/Insp\u00edrate-ITA.jpg","type":"image\/jpeg"}],"twitter_card":"summary_large_image","twitter_site":"@APIExperiencias","twitter_misc":{"Tempo di lettura stimato":"2 minuti"},"schema":{"@context":"https:\/\/schema.org","@graph":[{"@type":"WebPage","@id":"https:\/\/experienciasapie.com\/it\/guida-turistica-di-siviglia\/","url":"https:\/\/experienciasapie.com\/it\/guida-turistica-di-siviglia\/","name":"Guida Turistica di Siviglia | Cosa vedere e cosa fare a Siviglia","isPartOf":{"@id":"https:\/\/experienciasapie.com\/it\/#website"},"primaryImageOfPage":{"@id":"https:\/\/experienciasapie.com\/it\/guida-turistica-di-siviglia\/#primaryimage"},"image":{"@id":"https:\/\/experienciasapie.com\/it\/guida-turistica-di-siviglia\/#primaryimage"},"thumbnailUrl":"https:\/\/experienciasapie.com\/wp-content\/uploads\/2014\/07\/Insp\u00edrate-ITA.jpg","datePublished":"2015-08-11T15:34:55+00:00","dateModified":"2016-06-06T12:25:11+00:00","description":"Vorremmo farti da guida su cosa vedere e fare a Siviglia, affinch\u00e8 tu possa creare la tua esperienza a piedi personalizzata.","breadcrumb":{"@id":"https:\/\/experienciasapie.com\/it\/guida-turistica-di-siviglia\/#breadcrumb"},"inLanguage":"it-IT","potentialAction":[{"@type":"ReadAction","target":["https:\/\/experienciasapie.com\/it\/guida-turistica-di-siviglia\/"]}]},{"@type":"ImageObject","inLanguage":"it-IT","@id":"https:\/\/experienciasapie.com\/it\/guida-turistica-di-siviglia\/#primaryimage","url":"https:\/\/experienciasapie.com\/wp-content\/uploads\/2014\/07\/Insp\u00edrate-ITA.jpg","contentUrl":"https:\/\/experienciasapie.com\/wp-content\/uploads\/2014\/07\/Insp\u00edrate-ITA.jpg","width":960,"height":720,"caption":"Guida Turistica di Siviglia"},{"@type":"BreadcrumbList","@id":"https:\/\/experienciasapie.com\/it\/guida-turistica-di-siviglia\/#breadcrumb","itemListElement":[{"@type":"ListItem","position":1,"name":"Experiencias Apie","item":"https:\/\/experienciasapie.com\/it\/"},{"@type":"ListItem","position":2,"name":"LASCIATI ISPIRARE | GUIDA TURISTICA DI SIVIGLIA"}]},{"@type":"WebSite","@id":"https:\/\/experienciasapie.com\/it\/#website","url":"https:\/\/experienciasapie.com\/it\/","name":"apie | Sevilla Visitas Guiadas","description":"Visitas guiadas por Sevilla","publisher":{"@id":"https:\/\/experienciasapie.com\/it\/#organization"},"potentialAction":[{"@type":"SearchAction","target":{"@type":"EntryPoint","urlTemplate":"https:\/\/experienciasapie.com\/it\/?s={search_term_string}"},"query-input":{"@type":"PropertyValueSpecification","valueRequired":true,"valueName":"search_term_string"}}],"inLanguage":"it-IT"},{"@type":"Organization","@id":"https:\/\/experienciasapie.com\/it\/#organization","name":"apie Experiencias Tur\u00edsticas Guiadas","url":"https:\/\/experienciasapie.com\/it\/","logo":{"@type":"ImageObject","inLanguage":"it-IT","@id":"https:\/\/experienciasapie.com\/it\/#\/schema\/logo\/image\/","url":"https:\/\/experienciasapie.com\/wp-content\/uploads\/2015\/12\/logo_apie_leyenda_positivo-2.png","contentUrl":"https:\/\/experienciasapie.com\/wp-content\/uploads\/2015\/12\/logo_apie_leyenda_positivo-2.png","width":939,"height":507,"caption":"apie Experiencias Tur\u00edsticas Guiadas"},"image":{"@id":"https:\/\/experienciasapie.com\/it\/#\/schema\/logo\/image\/"},"sameAs":["https:\/\/www.facebook.com\/Experienciasapie","https:\/\/x.com\/APIExperiencias","https:\/\/www.linkedin.com\/company\/apie-experiencias-guiadas","https:\/\/www.youtube.com\/channel\/UCWevTFw8lAZZpE57iT1MeGg"]}]}},"_links":{"self":[{"href":"https:\/\/experienciasapie.com\/it\/wp-json\/wp\/v2\/pages\/2853","targetHints":{"allow":["GET"]}}],"collection":[{"href":"https:\/\/experienciasapie.com\/it\/wp-json\/wp\/v2\/pages"}],"about":[{"href":"https:\/\/experienciasapie.com\/it\/wp-json\/wp\/v2\/types\/page"}],"author":[{"embeddable":true,"href":"https:\/\/experienciasapie.com\/it\/wp-json\/wp\/v2\/users\/9192197"}],"replies":[{"embeddable":true,"href":"https:\/\/experienciasapie.com\/it\/wp-json\/wp\/v2\/comments?post=2853"}],"version-history":[{"count":7,"href":"https:\/\/experienciasapie.com\/it\/wp-json\/wp\/v2\/pages\/2853\/revisions"}],"predecessor-version":[{"id":7237,"href":"https:\/\/experienciasapie.com\/it\/wp-json\/wp\/v2\/pages\/2853\/revisions\/7237"}],"wp:featuredmedia":[{"embeddable":true,"href":"https:\/\/experienciasapie.com\/it\/wp-json\/wp\/v2\/media\/7231"}],"wp:attachment":[{"href":"https:\/\/experienciasapie.com\/it\/wp-json\/wp\/v2\/media?parent=2853"}],"curies":[{"name":"wp","href":"https:\/\/api.w.org\/{rel}","templated":true}]}}