{"id":2836,"date":"2015-08-11T17:33:06","date_gmt":"2015-08-11T15:33:06","guid":{"rendered":"https:\/\/experienciasapie.com\/?page_id=2836"},"modified":"2021-08-19T13:10:56","modified_gmt":"2021-08-19T11:10:56","slug":"il-progetto","status":"publish","type":"page","link":"https:\/\/experienciasapie.com\/it\/il-progetto\/","title":{"rendered":"Il progetto"},"content":{"rendered":"<div class=\"wpb-content-wrapper\"><p>[vc_row css_animation=&#8221;&#8221; row_type=&#8221;row&#8221; use_row_as_full_screen_section=&#8221;no&#8221; type=&#8221;grid&#8221; angled_section=&#8221;no&#8221; text_align=&#8221;left&#8221; background_image_as_pattern=&#8221;without_pattern&#8221; z_index=&#8221;&#8221;][vc_column width=&#8221;1\/2&#8243;][vc_column_text]<\/p>\n<p style=\"text-align: left;\"><span style=\"font-size: 20px;\">Noi siamo grandi viaggiatori, quindi vogliamo metterci in contatto con grande guide a Siviglia<\/span><\/p>\n<p>[\/vc_column_text][vc_empty_space height=&#8221;20px&#8221;][vc_column_text]<\/p>\n<p style=\"text-align: left;\">In apie ci consideriamo molto fortunati. Abbiamo la fortuna di vivere a Siviglia, una citt\u00e0 molto attraente. E la cosa pi\u00f9 importante, cos\u00ec possiamo mostrare come noi percepiamo Siviglia e come ci divertiamo.<\/p>\n<p>[\/vc_column_text][vc_column_text]<\/p>\n<p style=\"text-align: left;\">Tutto questo \u00e8 possibile grazie al progetto appasionante, il quale \u00e8 nato nell&#8217;ottubre 2014, della mano di entusiasti dell&#8217;autenticit\u00e0: Mar\u00eda, Cristina y Andr\u00e9s. Ci ha uniti sempre la passione per viaggiare e per conoscere le cose vere di ogni posto; anche l&#8217;amore per la storia e la convinzione di sviluppare un turismo equo e sostenibile. Cos\u00ec ogni visitatore no sar\u00e0 considerato un turista bens\u00ec un cittadino.<\/p>\n<p>Dal primo giorno, abbiamo saputo che\u00a0la vostra soddisfazione \u00e8 sempre il nostro obiettivo. <strong>Cos\u00ec potete avere dei ricordi pi\u00f9 belli da noi, e soprattutto, dalla nostra citt\u00e0<\/strong>, ci piace tantissimo e ci da forza per continuare tutti i giorni.<\/p>\n<p>Per questo\u00a0<strong>ci impegniamo al massimo in tutti i nostri tour<\/strong>. Non ci limitiamo a fornire delle visite guidate, ma facciamo delle vere esperienze guidate dalle guide innamorate di Siviglia. Loro ti mostrerano la magia della citt\u00e0 con molto entusiasmo e piena attenzione.[\/vc_column_text][\/vc_column][vc_column width=&#8221;1\/2&#8243;][vc_empty_space height=&#8221;60px&#8221;][vc_single_image image=&#8221;14092&#8243; img_size=&#8221;full&#8221; alignment=&#8221;center&#8221; style=&#8221;vc_box_rounded&#8221; onclick=&#8221;zoom&#8221; qode_css_animation=&#8221;&#8221;][\/vc_column][vc_column][vc_empty_space height=&#8221;70px&#8221;][\/vc_column][\/vc_row][vc_row css_animation=&#8221;&#8221; row_type=&#8221;row&#8221; use_row_as_full_screen_section=&#8221;no&#8221; type=&#8221;full_width&#8221; angled_section=&#8221;no&#8221; text_align=&#8221;left&#8221; background_image_as_pattern=&#8221;without_pattern&#8221;][vc_column width=&#8221;1\/4&#8243;][\/vc_column][vc_column width=&#8221;1\/2&#8243;][vc_single_image image=&#8221;14920&#8243; img_size=&#8221;full&#8221; qode_css_animation=&#8221;&#8221;][\/vc_column][vc_column width=&#8221;1\/4&#8243;][\/vc_column][vc_column][vc_empty_space height=&#8221;70px&#8221;][\/vc_column][\/vc_row][vc_row css_animation=&#8221;&#8221; row_type=&#8221;row&#8221; use_row_as_full_screen_section=&#8221;no&#8221; type=&#8221;full_width&#8221; angled_section=&#8221;no&#8221; text_align=&#8221;left&#8221; background_image_as_pattern=&#8221;without_pattern&#8221;][vc_column][vc_column_text]<\/p>\n<h3>Grandi viaggiatori ci pensano apie<\/h3>\n<p>[\/vc_column_text][vc_empty_space height=&#8221;20px&#8221;][vc_raw_html]JTVCd3B0cmlwYWR2aXNvcl91c2V0ZW1wbGF0ZSUyMHRpZCUzRCUyMjElMjIlNUQ=[\/vc_raw_html][vc_empty_space height=&#8221;70px&#8221;][vc_separator type=&#8221;small&#8221; position=&#8221;center&#8221;][\/vc_column][\/vc_row][vc_row css_animation=&#8221;&#8221; row_type=&#8221;row&#8221; use_row_as_full_screen_section=&#8221;no&#8221; type=&#8221;full_width&#8221; angled_section=&#8221;no&#8221; text_align=&#8221;left&#8221; background_image_as_pattern=&#8221;without_pattern&#8221;][vc_column][vc_empty_space height=&#8221;70px&#8221;][vc_column_text]<\/p>\n<p style=\"text-align: left;\">Dall&#8217;inizio della nostra carriera imprenditoriale, era chiaro che volevamo scommettere su un <strong>turismo equo, sostenibile e responsabile<\/strong> in tutte le sue aree: sociale, ambientale, del lavoro e, ora pi\u00f9 che mai, della salute.<\/p>\n<p>Per tutto questo, apie ha il distintivo &#8220;<strong><a href=\"https:\/\/www.andalucia.org\/es\/segura\" target=\"_blank\" rel=\"noopener noreferrer\">Andaluc\u00eda Segura<\/a><\/strong>&#8221; (Andalusia sicura) con cui la <strong>Junta de Andalucia (governo regionale) identifica le Guide Ufficiali del Turismo che rispettano le misure di sicurezza contro il COVID-19<\/strong>. In modo che garantisce che l&#8217;esperienza di cui godrai rispetta tutte le misure di salute e sicurezza stabilite dall&#8217;OMS e dalle autorit\u00e0 nazionali.[\/vc_column_text][vc_empty_space height=&#8221;70px&#8221;][vc_column_text]<\/p>\n<h5 style=\"text-align: center;\">Sappiamo che l&#8217;emergenza sanitaria causata dal COVID-19 ha lasciato un segno indelebile in tutti. Ma sappiamo anche che spetta a ciascuno di noi porre fine alla pandemia. Con responsabilit\u00e0, pian piano torneremo alla tanto attesa normalit\u00e0.<\/h5>\n<h5 style=\"text-align: center;\">In apie Experiencias Guiadas abbiamo fatto la nostra parte.<\/h5>\n<p>[\/vc_column_text][vc_empty_space height=&#8221;70px&#8221;]<div class=\"qode-workflow  qode-workflow-animate\">\n    <span class=\"main-line\" style=\"background-color:#e5007d;\"><\/span>\n    <div class=\"qode-workflow-item\">\n    <span class=\"line\" style=\"\"><\/span>\n    <div class=\"qode-workflow-item-inner \">\n        <div class=\"qode-workflow-image left\">\n            <img loading=\"lazy\" decoding=\"async\" width=\"742\" height=\"743\" src=\"https:\/\/experienciasapie.com\/wp-content\/uploads\/2020\/10\/Distintivo-Andalucia-Segura_Andres_fondo-verde-e1603447452795.jpg\" class=\"attachment-full size-full\" alt=\"\" \/>        <\/div>\n        <div class=\"qode-workflow-text\">\n            <span class=\"circle\" style=\"\"><\/span>\n                            <h3>MISURE DI PREVENZIONE CONTRO IL COVID<\/h3>\n                                                    <p class=\"text\">\u2022 Le visite guidate non superano le 20 persone per gruppo.<br \/>\n\u2022 La distanza di sicurezza di 1 metro e mezzo tra le persone sar\u00e0 mantenuta quando possibile.<br \/>\n\u2022 In gruppi di pi\u00f9 di 6 persone, la guida utilizza radioguide opportunamente disinfettate o monouso.<br \/>\n\u2022 L'uso della mascherina \u00e8 obbligatorio sia per le guide che per i clienti.<br \/>\n\u2022 Verr\u00e0 fornito gel idroalcolico ai clienti che ne faranno richiesta.<\/p>\n                    <\/div>\n    <\/div>\n<\/div><div class=\"qode-workflow-item\">\n    <span class=\"line\" style=\"\"><\/span>\n    <div class=\"qode-workflow-item-inner \">\n        <div class=\"qode-workflow-image left\">\n            <img loading=\"lazy\" decoding=\"async\" width=\"200\" height=\"171\" src=\"https:\/\/experienciasapie.com\/wp-content\/uploads\/2020\/07\/WTTC-SafeTravels-Stamp-Sevilla-.png\" class=\"attachment-full size-full\" alt=\"\" \/>        <\/div>\n        <div class=\"qode-workflow-text\">\n            <span class=\"circle\" style=\"\"><\/span>\n                                                    <p class=\"text\">\u2022 Tutto il personale coinvolto nei nostri servizi sar\u00e0 informato e formato sulle linee guida da seguire in merito alla prevenzione dei rischi igienico-sanitari nello svolgimento della propria attivit\u00e0.<br \/>\n\u2022 La guida ricorder\u00e0 le misure preventive messe in atto all'inizio del tour e le solleciter\u00e0 ad essere seguite da tutti i partecipanti durante lo svolgimento del servizio.<\/p>\n                    <\/div>\n    <\/div>\n<\/div><div class=\"qode-workflow-item\">\n    <span class=\"line\" style=\"\"><\/span>\n    <div class=\"qode-workflow-item-inner \">\n        <div class=\"qode-workflow-image left\">\n            <img loading=\"lazy\" decoding=\"async\" width=\"801\" height=\"474\" src=\"https:\/\/experienciasapie.com\/wp-content\/uploads\/2020\/07\/responsible-tourism-2020-06-19-e1595333014654.jpg\" class=\"attachment-full size-full\" alt=\"\" \/>        <\/div>\n        <div class=\"qode-workflow-text\">\n            <span class=\"circle\" style=\"\"><\/span>\n                                                    <p class=\"text\">\u2022 Verr\u00e0 eliminata la distribuzione di materiale cartaceo come cartine o depliant.<br \/>\n\u2022 Saranno evitate quelle forme di saluto e\/o addio che comportano il contatto fisico con il cliente.<br \/>\n\u2022 L'uso di contanti sar\u00e0 limitato e l'uso di carte o altri mezzi elettronici sar\u00e0 prioritario negli incassi e nei pagamenti dei servizi.<br \/>\n\u2022 Verranno controllati i sintomi di tutto il personale coinvolto nel servizio, escludendo e mantenendo in quarantena per 14 giorni chi presenta febbre o sintomi.<br \/>\n\u2022 Al momento della prenotazione verr\u00e0 inviato al cliente il voucher di conferma del servizio. Baster\u00e0 avere il voucher o la prenotazione sul proprio telefonino e non sar\u00e0 necessario stamparlo.<\/p>\n                    <\/div>\n    <\/div>\n<\/div><\/div>[\/vc_column][\/vc_row]<\/p>\n<\/div>","protected":false},"excerpt":{"rendered":"<p>[vc_row css_animation=&#8221;&#8221; row_type=&#8221;row&#8221; use_row_as_full_screen_section=&#8221;no&#8221; type=&#8221;grid&#8221; angled_section=&#8221;no&#8221; text_align=&#8221;left&#8221; background_image_as_pattern=&#8221;without_pattern&#8221; z_index=&#8221;&#8221;][vc_column width=&#8221;1\/2&#8243;][vc_column_text] Noi siamo grandi viaggiatori, quindi vogliamo metterci in contatto con grande guide a Siviglia [\/vc_column_text][vc_empty_space height=&#8221;20px&#8221;][vc_column_text] In apie ci consideriamo molto fortunati. Abbiamo la fortuna di vivere a Siviglia, una citt\u00e0 molto attraente. E la&#8230;<\/p>\n","protected":false},"author":9192197,"featured_media":0,"parent":0,"menu_order":0,"comment_status":"open","ping_status":"open","template":"","meta":{"_acf_changed":false,"footnotes":""},"class_list":["post-2836","page","type-page","status-publish","hentry"],"acf":[],"yoast_head":"<!-- This site is optimized with the Yoast SEO plugin v27.0 - https:\/\/yoast.com\/product\/yoast-seo-wordpress\/ -->\n<title>apie: una piattaforma di esperienze guidate a Sivilgia \u00b7 Conosci il progetto<\/title>\n<meta name=\"description\" content=\"Il progetto di tre entusiasti dell&#039;autenticit\u00e0 per promuovere il turismo delle esperienze a Siviglia attraverso le visite guidate apiedi.\" \/>\n<meta name=\"robots\" content=\"index, follow, max-snippet:-1, max-image-preview:large, max-video-preview:-1\" \/>\n<link rel=\"canonical\" href=\"https:\/\/experienciasapie.com\/it\/il-progetto\/\" \/>\n<meta property=\"og:locale\" content=\"it_IT\" \/>\n<meta property=\"og:type\" content=\"article\" \/>\n<meta property=\"og:title\" content=\"apie: una piattaforma di esperienze guidate a Sivilgia \u00b7 Conosci il progetto\" \/>\n<meta property=\"og:description\" content=\"Il progetto di tre entusiasti dell&#039;autenticit\u00e0 per promuovere il turismo delle esperienze a Siviglia attraverso le visite guidate apiedi.\" \/>\n<meta property=\"og:url\" content=\"https:\/\/experienciasapie.com\/it\/il-progetto\/\" \/>\n<meta property=\"og:site_name\" content=\"apie | Sevilla Visitas Guiadas\" \/>\n<meta property=\"article:publisher\" content=\"https:\/\/www.facebook.com\/Experienciasapie\" \/>\n<meta property=\"article:modified_time\" content=\"2021-08-19T11:10:56+00:00\" \/>\n<meta property=\"og:image\" content=\"https:\/\/experienciasapie.com\/wp-content\/uploads\/2014\/07\/fb-e1435937765921.png\" \/>\n\t<meta property=\"og:image:width\" content=\"53\" \/>\n\t<meta property=\"og:image:height\" content=\"53\" \/>\n\t<meta property=\"og:image:type\" content=\"image\/png\" \/>\n<meta name=\"twitter:card\" content=\"summary_large_image\" \/>\n<meta name=\"twitter:site\" content=\"@APIExperiencias\" \/>\n<meta name=\"twitter:label1\" content=\"Tempo di lettura stimato\" \/>\n\t<meta name=\"twitter:data1\" content=\"3 minuti\" \/>\n<script type=\"application\/ld+json\" class=\"yoast-schema-graph\">{\"@context\":\"https:\/\/schema.org\",\"@graph\":[{\"@type\":\"WebPage\",\"@id\":\"https:\/\/experienciasapie.com\/it\/il-progetto\/\",\"url\":\"https:\/\/experienciasapie.com\/it\/il-progetto\/\",\"name\":\"apie: una piattaforma di esperienze guidate a Sivilgia \u00b7 Conosci il progetto\",\"isPartOf\":{\"@id\":\"https:\/\/experienciasapie.com\/it\/#website\"},\"datePublished\":\"2015-08-11T15:33:06+00:00\",\"dateModified\":\"2021-08-19T11:10:56+00:00\",\"description\":\"Il progetto di tre entusiasti dell'autenticit\u00e0 per promuovere il turismo delle esperienze a Siviglia attraverso le visite guidate apiedi.\",\"breadcrumb\":{\"@id\":\"https:\/\/experienciasapie.com\/it\/il-progetto\/#breadcrumb\"},\"inLanguage\":\"it-IT\",\"potentialAction\":[{\"@type\":\"ReadAction\",\"target\":[\"https:\/\/experienciasapie.com\/it\/il-progetto\/\"]}]},{\"@type\":\"BreadcrumbList\",\"@id\":\"https:\/\/experienciasapie.com\/it\/il-progetto\/#breadcrumb\",\"itemListElement\":[{\"@type\":\"ListItem\",\"position\":1,\"name\":\"Experiencias Apie\",\"item\":\"https:\/\/experienciasapie.com\/it\/\"},{\"@type\":\"ListItem\",\"position\":2,\"name\":\"Il progetto\"}]},{\"@type\":\"WebSite\",\"@id\":\"https:\/\/experienciasapie.com\/it\/#website\",\"url\":\"https:\/\/experienciasapie.com\/it\/\",\"name\":\"apie | Sevilla Visitas Guiadas\",\"description\":\"Visitas guiadas por Sevilla\",\"publisher\":{\"@id\":\"https:\/\/experienciasapie.com\/it\/#organization\"},\"potentialAction\":[{\"@type\":\"SearchAction\",\"target\":{\"@type\":\"EntryPoint\",\"urlTemplate\":\"https:\/\/experienciasapie.com\/it\/?s={search_term_string}\"},\"query-input\":{\"@type\":\"PropertyValueSpecification\",\"valueRequired\":true,\"valueName\":\"search_term_string\"}}],\"inLanguage\":\"it-IT\"},{\"@type\":\"Organization\",\"@id\":\"https:\/\/experienciasapie.com\/it\/#organization\",\"name\":\"apie Experiencias Tur\u00edsticas Guiadas\",\"url\":\"https:\/\/experienciasapie.com\/it\/\",\"logo\":{\"@type\":\"ImageObject\",\"inLanguage\":\"it-IT\",\"@id\":\"https:\/\/experienciasapie.com\/it\/#\/schema\/logo\/image\/\",\"url\":\"https:\/\/experienciasapie.com\/wp-content\/uploads\/2015\/12\/logo_apie_leyenda_positivo-2.png\",\"contentUrl\":\"https:\/\/experienciasapie.com\/wp-content\/uploads\/2015\/12\/logo_apie_leyenda_positivo-2.png\",\"width\":939,\"height\":507,\"caption\":\"apie Experiencias Tur\u00edsticas Guiadas\"},\"image\":{\"@id\":\"https:\/\/experienciasapie.com\/it\/#\/schema\/logo\/image\/\"},\"sameAs\":[\"https:\/\/www.facebook.com\/Experienciasapie\",\"https:\/\/x.com\/APIExperiencias\",\"https:\/\/www.linkedin.com\/company\/apie-experiencias-guiadas\",\"https:\/\/www.youtube.com\/channel\/UCWevTFw8lAZZpE57iT1MeGg\"]}]}<\/script>\n<!-- \/ Yoast SEO plugin. -->","yoast_head_json":{"title":"apie: una piattaforma di esperienze guidate a Sivilgia \u00b7 Conosci il progetto","description":"Il progetto di tre entusiasti dell'autenticit\u00e0 per promuovere il turismo delle esperienze a Siviglia attraverso le visite guidate apiedi.","robots":{"index":"index","follow":"follow","max-snippet":"max-snippet:-1","max-image-preview":"max-image-preview:large","max-video-preview":"max-video-preview:-1"},"canonical":"https:\/\/experienciasapie.com\/it\/il-progetto\/","og_locale":"it_IT","og_type":"article","og_title":"apie: una piattaforma di esperienze guidate a Sivilgia \u00b7 Conosci il progetto","og_description":"Il progetto di tre entusiasti dell'autenticit\u00e0 per promuovere il turismo delle esperienze a Siviglia attraverso le visite guidate apiedi.","og_url":"https:\/\/experienciasapie.com\/it\/il-progetto\/","og_site_name":"apie | Sevilla Visitas Guiadas","article_publisher":"https:\/\/www.facebook.com\/Experienciasapie","article_modified_time":"2021-08-19T11:10:56+00:00","og_image":[{"width":53,"height":53,"url":"https:\/\/experienciasapie.com\/wp-content\/uploads\/2014\/07\/fb-e1435937765921.png","type":"image\/png"}],"twitter_card":"summary_large_image","twitter_site":"@APIExperiencias","twitter_misc":{"Tempo di lettura stimato":"3 minuti"},"schema":{"@context":"https:\/\/schema.org","@graph":[{"@type":"WebPage","@id":"https:\/\/experienciasapie.com\/it\/il-progetto\/","url":"https:\/\/experienciasapie.com\/it\/il-progetto\/","name":"apie: una piattaforma di esperienze guidate a Sivilgia \u00b7 Conosci il progetto","isPartOf":{"@id":"https:\/\/experienciasapie.com\/it\/#website"},"datePublished":"2015-08-11T15:33:06+00:00","dateModified":"2021-08-19T11:10:56+00:00","description":"Il progetto di tre entusiasti dell'autenticit\u00e0 per promuovere il turismo delle esperienze a Siviglia attraverso le visite guidate apiedi.","breadcrumb":{"@id":"https:\/\/experienciasapie.com\/it\/il-progetto\/#breadcrumb"},"inLanguage":"it-IT","potentialAction":[{"@type":"ReadAction","target":["https:\/\/experienciasapie.com\/it\/il-progetto\/"]}]},{"@type":"BreadcrumbList","@id":"https:\/\/experienciasapie.com\/it\/il-progetto\/#breadcrumb","itemListElement":[{"@type":"ListItem","position":1,"name":"Experiencias Apie","item":"https:\/\/experienciasapie.com\/it\/"},{"@type":"ListItem","position":2,"name":"Il progetto"}]},{"@type":"WebSite","@id":"https:\/\/experienciasapie.com\/it\/#website","url":"https:\/\/experienciasapie.com\/it\/","name":"apie | Sevilla Visitas Guiadas","description":"Visitas guiadas por Sevilla","publisher":{"@id":"https:\/\/experienciasapie.com\/it\/#organization"},"potentialAction":[{"@type":"SearchAction","target":{"@type":"EntryPoint","urlTemplate":"https:\/\/experienciasapie.com\/it\/?s={search_term_string}"},"query-input":{"@type":"PropertyValueSpecification","valueRequired":true,"valueName":"search_term_string"}}],"inLanguage":"it-IT"},{"@type":"Organization","@id":"https:\/\/experienciasapie.com\/it\/#organization","name":"apie Experiencias Tur\u00edsticas Guiadas","url":"https:\/\/experienciasapie.com\/it\/","logo":{"@type":"ImageObject","inLanguage":"it-IT","@id":"https:\/\/experienciasapie.com\/it\/#\/schema\/logo\/image\/","url":"https:\/\/experienciasapie.com\/wp-content\/uploads\/2015\/12\/logo_apie_leyenda_positivo-2.png","contentUrl":"https:\/\/experienciasapie.com\/wp-content\/uploads\/2015\/12\/logo_apie_leyenda_positivo-2.png","width":939,"height":507,"caption":"apie Experiencias Tur\u00edsticas Guiadas"},"image":{"@id":"https:\/\/experienciasapie.com\/it\/#\/schema\/logo\/image\/"},"sameAs":["https:\/\/www.facebook.com\/Experienciasapie","https:\/\/x.com\/APIExperiencias","https:\/\/www.linkedin.com\/company\/apie-experiencias-guiadas","https:\/\/www.youtube.com\/channel\/UCWevTFw8lAZZpE57iT1MeGg"]}]}},"_links":{"self":[{"href":"https:\/\/experienciasapie.com\/it\/wp-json\/wp\/v2\/pages\/2836","targetHints":{"allow":["GET"]}}],"collection":[{"href":"https:\/\/experienciasapie.com\/it\/wp-json\/wp\/v2\/pages"}],"about":[{"href":"https:\/\/experienciasapie.com\/it\/wp-json\/wp\/v2\/types\/page"}],"author":[{"embeddable":true,"href":"https:\/\/experienciasapie.com\/it\/wp-json\/wp\/v2\/users\/9192197"}],"replies":[{"embeddable":true,"href":"https:\/\/experienciasapie.com\/it\/wp-json\/wp\/v2\/comments?post=2836"}],"version-history":[{"count":14,"href":"https:\/\/experienciasapie.com\/it\/wp-json\/wp\/v2\/pages\/2836\/revisions"}],"predecessor-version":[{"id":15111,"href":"https:\/\/experienciasapie.com\/it\/wp-json\/wp\/v2\/pages\/2836\/revisions\/15111"}],"wp:attachment":[{"href":"https:\/\/experienciasapie.com\/it\/wp-json\/wp\/v2\/media?parent=2836"}],"curies":[{"name":"wp","href":"https:\/\/api.w.org\/{rel}","templated":true}]}}