{"id":2596,"date":"2015-07-22T17:40:54","date_gmt":"2015-07-22T15:40:54","guid":{"rendered":"https:\/\/experienciasapie.com\/?page_id=2596"},"modified":"2016-06-27T13:56:51","modified_gmt":"2016-06-27T11:56:51","slug":"altro-da-vedere-siviglia","status":"publish","type":"page","link":"https:\/\/experienciasapie.com\/it\/tours-di-siviglia\/altro-da-vedere-siviglia\/","title":{"rendered":"MOLTO ALTRO DA VEDERE | VISITE GUIDATE DI SIVIGLIA"},"content":{"rendered":"<div class=\"wpb-content-wrapper\"><p>[vc_row][vc_column width=&#8221;1\/2&#8243;][vc_column_text]<\/p>\n<h3 style=\"text-align: justify;\">Siviglia \u00e8 molto pi\u00f9 della Giralda o qualsiasi dei suoi monumenti, questi sono la punta dell\u2019iceberg; Siviglia \u00e8 uno stile di vita, \u00e8 la tradizione della terracotta, \u00e8 la Settimana Santa e la Feria de Abril, Siviglia \u00e8 personaggi famosi, flamenco, tauromachia ed opera\u2026 A Siviglia c\u2019\u00e8 molto altro da vedere.<\/h3>\n<h3 style=\"text-align: justify;\">Ricordati che non ci limitiamo solo a Siviglia, ma ci dedichiamo anche ad aree naturali, come per esempio Do\u00f1ana o la Sierra de Grazalema.<\/h3>\n<p>[\/vc_column_text][\/vc_column][vc_column width=&#8221;1\/2&#8243;][vc_column_text]<\/p>\n<h4 style=\"text-align: center;\">Sai qual \u00e8 la teoria dell\u2019iceberg?<\/h4>\n<h4 style=\"text-align: center;\">Un iceberg \u00e8 una grande massa di ghiaccio di cui solo una piccola parte affiora in superficie. Di solito ci fissiamo solo sulle cose che saltano all\u2019occhio, ovvero questa piccola parte dell\u2019iceberg che vediamo, ed il resto, ci\u00f2 che lo sorregge e lo spiega, passa inavvertito.<\/h4>\n<p>[\/vc_column_text][\/vc_column][\/vc_row][vc_row][vc_column][vc_column_text][go_portfolio id=&#8221;mucho-mas-que-ver&#8221;][\/vc_column_text][bsf-info-box icon=&#8221;Defaults-envelope-alt&#8221; icon_size=&#8221;32&#8243; icon_color=&#8221;#f00e68&#8243; title=&#8221;Contacta con nosotros para m\u00e1s informaci\u00f3n, estaremos encantados de ayudarte&#8221; read_more=&#8221;box&#8221; link=&#8221;url:https%3A%2F%2Fexperienciasapie.com%2Fcontacto%2F|title:CONTACTO|target:%20_blank&#8221; hover_effect=&#8221;style_2&#8243;][\/bsf-info-box][\/vc_column][\/vc_row]<\/p>\n<\/div>","protected":false},"excerpt":{"rendered":"<p>[vc_row][vc_column width=&#8221;1\/2&#8243;][vc_column_text] Siviglia \u00e8 molto pi\u00f9 della Giralda o qualsiasi dei suoi monumenti, questi sono la punta dell\u2019iceberg; Siviglia \u00e8 uno stile di vita, \u00e8 la tradizione della terracotta, \u00e8 la Settimana Santa e la Feria de Abril, Siviglia \u00e8 personaggi famosi, flamenco, tauromachia ed&#8230;<\/p>\n","protected":false},"author":9192197,"featured_media":3343,"parent":2564,"menu_order":0,"comment_status":"open","ping_status":"open","template":"page-FullWidth.php","meta":{"_acf_changed":false,"footnotes":""},"class_list":["post-2596","page","type-page","status-publish","has-post-thumbnail","hentry"],"acf":[],"yoast_head":"<!-- This site is optimized with the Yoast SEO plugin v27.5 - https:\/\/yoast.com\/product\/yoast-seo-wordpress\/ -->\n<title>Altro da vedere Siviglia | Visita Guidata di Siviglia<\/title>\n<meta name=\"description\" content=\"A Siviglia c\u2019\u00e8 molto altro da vedere. Siviglia \u00e8 uno stile di vita, \u00e8 la tradizione della terracotta e la Settimana Santa, \u00e8 flamenco, tauromachia ed opera\" \/>\n<meta name=\"robots\" content=\"index, follow, max-snippet:-1, max-image-preview:large, max-video-preview:-1\" \/>\n<link rel=\"canonical\" href=\"https:\/\/experienciasapie.com\/it\/tours-di-siviglia\/altro-da-vedere-siviglia\/\" \/>\n<meta property=\"og:locale\" content=\"it_IT\" \/>\n<meta property=\"og:type\" content=\"article\" \/>\n<meta property=\"og:title\" content=\"Altro da vedere Siviglia | Visita Guidata di Siviglia\" \/>\n<meta property=\"og:description\" content=\"A Siviglia c\u2019\u00e8 molto altro da vedere. Siviglia \u00e8 uno stile di vita, \u00e8 la tradizione della terracotta e la Settimana Santa, \u00e8 flamenco, tauromachia ed opera\" \/>\n<meta property=\"og:url\" content=\"https:\/\/experienciasapie.com\/it\/tours-di-siviglia\/altro-da-vedere-siviglia\/\" \/>\n<meta property=\"og:site_name\" content=\"apie | Sevilla Visitas Guiadas\" \/>\n<meta property=\"article:publisher\" content=\"https:\/\/www.facebook.com\/Experienciasapie\" \/>\n<meta property=\"article:modified_time\" content=\"2016-06-27T11:56:51+00:00\" \/>\n<meta property=\"og:image\" content=\"https:\/\/experienciasapie.com\/wp-content\/uploads\/2015\/07\/C\u00b4e-molto-da-vedere.jpg\" \/>\n\t<meta property=\"og:image:width\" content=\"960\" \/>\n\t<meta property=\"og:image:height\" content=\"643\" \/>\n\t<meta property=\"og:image:type\" content=\"image\/jpeg\" \/>\n<meta name=\"twitter:card\" content=\"summary_large_image\" \/>\n<meta name=\"twitter:site\" content=\"@APIExperiencias\" \/>\n<meta name=\"twitter:label1\" content=\"Tempo di lettura stimato\" \/>\n\t<meta name=\"twitter:data1\" content=\"1 minuto\" \/>\n<script type=\"application\/ld+json\" class=\"yoast-schema-graph\">{\"@context\":\"https:\\\/\\\/schema.org\",\"@graph\":[{\"@type\":\"WebPage\",\"@id\":\"https:\\\/\\\/experienciasapie.com\\\/it\\\/tours-di-siviglia\\\/altro-da-vedere-siviglia\\\/\",\"url\":\"https:\\\/\\\/experienciasapie.com\\\/it\\\/tours-di-siviglia\\\/altro-da-vedere-siviglia\\\/\",\"name\":\"Altro da vedere Siviglia | Visita Guidata di Siviglia\",\"isPartOf\":{\"@id\":\"https:\\\/\\\/experienciasapie.com\\\/it\\\/#website\"},\"primaryImageOfPage\":{\"@id\":\"https:\\\/\\\/experienciasapie.com\\\/it\\\/tours-di-siviglia\\\/altro-da-vedere-siviglia\\\/#primaryimage\"},\"image\":{\"@id\":\"https:\\\/\\\/experienciasapie.com\\\/it\\\/tours-di-siviglia\\\/altro-da-vedere-siviglia\\\/#primaryimage\"},\"thumbnailUrl\":\"https:\\\/\\\/experienciasapie.com\\\/wp-content\\\/uploads\\\/2015\\\/07\\\/C\u00b4e-molto-da-vedere.jpg\",\"datePublished\":\"2015-07-22T15:40:54+00:00\",\"dateModified\":\"2016-06-27T11:56:51+00:00\",\"description\":\"A Siviglia c\u2019\u00e8 molto altro da vedere. Siviglia \u00e8 uno stile di vita, \u00e8 la tradizione della terracotta e la Settimana Santa, \u00e8 flamenco, tauromachia ed opera\",\"breadcrumb\":{\"@id\":\"https:\\\/\\\/experienciasapie.com\\\/it\\\/tours-di-siviglia\\\/altro-da-vedere-siviglia\\\/#breadcrumb\"},\"inLanguage\":\"it-IT\",\"potentialAction\":[{\"@type\":\"ReadAction\",\"target\":[\"https:\\\/\\\/experienciasapie.com\\\/it\\\/tours-di-siviglia\\\/altro-da-vedere-siviglia\\\/\"]}]},{\"@type\":\"ImageObject\",\"inLanguage\":\"it-IT\",\"@id\":\"https:\\\/\\\/experienciasapie.com\\\/it\\\/tours-di-siviglia\\\/altro-da-vedere-siviglia\\\/#primaryimage\",\"url\":\"https:\\\/\\\/experienciasapie.com\\\/wp-content\\\/uploads\\\/2015\\\/07\\\/C\u00b4e-molto-da-vedere.jpg\",\"contentUrl\":\"https:\\\/\\\/experienciasapie.com\\\/wp-content\\\/uploads\\\/2015\\\/07\\\/C\u00b4e-molto-da-vedere.jpg\",\"width\":960,\"height\":643},{\"@type\":\"BreadcrumbList\",\"@id\":\"https:\\\/\\\/experienciasapie.com\\\/it\\\/tours-di-siviglia\\\/altro-da-vedere-siviglia\\\/#breadcrumb\",\"itemListElement\":[{\"@type\":\"ListItem\",\"position\":1,\"name\":\"Experiencias Apie\",\"item\":\"https:\\\/\\\/experienciasapie.com\\\/it\\\/\"},{\"@type\":\"ListItem\",\"position\":2,\"name\":\"INIZIA IL TOUR | TOURS DI SIVIGLIA\",\"item\":\"https:\\\/\\\/experienciasapie.com\\\/it\\\/tours-di-siviglia\\\/\"},{\"@type\":\"ListItem\",\"position\":3,\"name\":\"MOLTO ALTRO DA VEDERE | VISITE GUIDATE DI SIVIGLIA\"}]},{\"@type\":\"WebSite\",\"@id\":\"https:\\\/\\\/experienciasapie.com\\\/it\\\/#website\",\"url\":\"https:\\\/\\\/experienciasapie.com\\\/it\\\/\",\"name\":\"apie | Sevilla Visitas Guiadas\",\"description\":\"Visitas guiadas por Sevilla\",\"publisher\":{\"@id\":\"https:\\\/\\\/experienciasapie.com\\\/it\\\/#organization\"},\"potentialAction\":[{\"@type\":\"SearchAction\",\"target\":{\"@type\":\"EntryPoint\",\"urlTemplate\":\"https:\\\/\\\/experienciasapie.com\\\/it\\\/?s={search_term_string}\"},\"query-input\":{\"@type\":\"PropertyValueSpecification\",\"valueRequired\":true,\"valueName\":\"search_term_string\"}}],\"inLanguage\":\"it-IT\"},{\"@type\":\"Organization\",\"@id\":\"https:\\\/\\\/experienciasapie.com\\\/it\\\/#organization\",\"name\":\"apie Experiencias Tur\u00edsticas Guiadas\",\"url\":\"https:\\\/\\\/experienciasapie.com\\\/it\\\/\",\"logo\":{\"@type\":\"ImageObject\",\"inLanguage\":\"it-IT\",\"@id\":\"https:\\\/\\\/experienciasapie.com\\\/it\\\/#\\\/schema\\\/logo\\\/image\\\/\",\"url\":\"https:\\\/\\\/experienciasapie.com\\\/wp-content\\\/uploads\\\/2015\\\/12\\\/logo_apie_leyenda_positivo-2.png\",\"contentUrl\":\"https:\\\/\\\/experienciasapie.com\\\/wp-content\\\/uploads\\\/2015\\\/12\\\/logo_apie_leyenda_positivo-2.png\",\"width\":939,\"height\":507,\"caption\":\"apie Experiencias Tur\u00edsticas Guiadas\"},\"image\":{\"@id\":\"https:\\\/\\\/experienciasapie.com\\\/it\\\/#\\\/schema\\\/logo\\\/image\\\/\"},\"sameAs\":[\"https:\\\/\\\/www.facebook.com\\\/Experienciasapie\",\"https:\\\/\\\/x.com\\\/APIExperiencias\",\"https:\\\/\\\/www.linkedin.com\\\/company\\\/apie-experiencias-guiadas\",\"https:\\\/\\\/www.youtube.com\\\/channel\\\/UCWevTFw8lAZZpE57iT1MeGg\"]}]}<\/script>\n<!-- \/ Yoast SEO plugin. -->","yoast_head_json":{"title":"Altro da vedere Siviglia | Visita Guidata di Siviglia","description":"A Siviglia c\u2019\u00e8 molto altro da vedere. Siviglia \u00e8 uno stile di vita, \u00e8 la tradizione della terracotta e la Settimana Santa, \u00e8 flamenco, tauromachia ed opera","robots":{"index":"index","follow":"follow","max-snippet":"max-snippet:-1","max-image-preview":"max-image-preview:large","max-video-preview":"max-video-preview:-1"},"canonical":"https:\/\/experienciasapie.com\/it\/tours-di-siviglia\/altro-da-vedere-siviglia\/","og_locale":"it_IT","og_type":"article","og_title":"Altro da vedere Siviglia | Visita Guidata di Siviglia","og_description":"A Siviglia c\u2019\u00e8 molto altro da vedere. Siviglia \u00e8 uno stile di vita, \u00e8 la tradizione della terracotta e la Settimana Santa, \u00e8 flamenco, tauromachia ed opera","og_url":"https:\/\/experienciasapie.com\/it\/tours-di-siviglia\/altro-da-vedere-siviglia\/","og_site_name":"apie | Sevilla Visitas Guiadas","article_publisher":"https:\/\/www.facebook.com\/Experienciasapie","article_modified_time":"2016-06-27T11:56:51+00:00","og_image":[{"width":960,"height":643,"url":"https:\/\/experienciasapie.com\/wp-content\/uploads\/2015\/07\/C\u00b4e-molto-da-vedere.jpg","type":"image\/jpeg"}],"twitter_card":"summary_large_image","twitter_site":"@APIExperiencias","twitter_misc":{"Tempo di lettura stimato":"1 minuto"},"schema":{"@context":"https:\/\/schema.org","@graph":[{"@type":"WebPage","@id":"https:\/\/experienciasapie.com\/it\/tours-di-siviglia\/altro-da-vedere-siviglia\/","url":"https:\/\/experienciasapie.com\/it\/tours-di-siviglia\/altro-da-vedere-siviglia\/","name":"Altro da vedere Siviglia | Visita Guidata di Siviglia","isPartOf":{"@id":"https:\/\/experienciasapie.com\/it\/#website"},"primaryImageOfPage":{"@id":"https:\/\/experienciasapie.com\/it\/tours-di-siviglia\/altro-da-vedere-siviglia\/#primaryimage"},"image":{"@id":"https:\/\/experienciasapie.com\/it\/tours-di-siviglia\/altro-da-vedere-siviglia\/#primaryimage"},"thumbnailUrl":"https:\/\/experienciasapie.com\/wp-content\/uploads\/2015\/07\/C\u00b4e-molto-da-vedere.jpg","datePublished":"2015-07-22T15:40:54+00:00","dateModified":"2016-06-27T11:56:51+00:00","description":"A Siviglia c\u2019\u00e8 molto altro da vedere. Siviglia \u00e8 uno stile di vita, \u00e8 la tradizione della terracotta e la Settimana Santa, \u00e8 flamenco, tauromachia ed opera","breadcrumb":{"@id":"https:\/\/experienciasapie.com\/it\/tours-di-siviglia\/altro-da-vedere-siviglia\/#breadcrumb"},"inLanguage":"it-IT","potentialAction":[{"@type":"ReadAction","target":["https:\/\/experienciasapie.com\/it\/tours-di-siviglia\/altro-da-vedere-siviglia\/"]}]},{"@type":"ImageObject","inLanguage":"it-IT","@id":"https:\/\/experienciasapie.com\/it\/tours-di-siviglia\/altro-da-vedere-siviglia\/#primaryimage","url":"https:\/\/experienciasapie.com\/wp-content\/uploads\/2015\/07\/C\u00b4e-molto-da-vedere.jpg","contentUrl":"https:\/\/experienciasapie.com\/wp-content\/uploads\/2015\/07\/C\u00b4e-molto-da-vedere.jpg","width":960,"height":643},{"@type":"BreadcrumbList","@id":"https:\/\/experienciasapie.com\/it\/tours-di-siviglia\/altro-da-vedere-siviglia\/#breadcrumb","itemListElement":[{"@type":"ListItem","position":1,"name":"Experiencias Apie","item":"https:\/\/experienciasapie.com\/it\/"},{"@type":"ListItem","position":2,"name":"INIZIA IL TOUR | TOURS DI SIVIGLIA","item":"https:\/\/experienciasapie.com\/it\/tours-di-siviglia\/"},{"@type":"ListItem","position":3,"name":"MOLTO ALTRO DA VEDERE | VISITE GUIDATE DI SIVIGLIA"}]},{"@type":"WebSite","@id":"https:\/\/experienciasapie.com\/it\/#website","url":"https:\/\/experienciasapie.com\/it\/","name":"apie | Sevilla Visitas Guiadas","description":"Visitas guiadas por Sevilla","publisher":{"@id":"https:\/\/experienciasapie.com\/it\/#organization"},"potentialAction":[{"@type":"SearchAction","target":{"@type":"EntryPoint","urlTemplate":"https:\/\/experienciasapie.com\/it\/?s={search_term_string}"},"query-input":{"@type":"PropertyValueSpecification","valueRequired":true,"valueName":"search_term_string"}}],"inLanguage":"it-IT"},{"@type":"Organization","@id":"https:\/\/experienciasapie.com\/it\/#organization","name":"apie Experiencias Tur\u00edsticas Guiadas","url":"https:\/\/experienciasapie.com\/it\/","logo":{"@type":"ImageObject","inLanguage":"it-IT","@id":"https:\/\/experienciasapie.com\/it\/#\/schema\/logo\/image\/","url":"https:\/\/experienciasapie.com\/wp-content\/uploads\/2015\/12\/logo_apie_leyenda_positivo-2.png","contentUrl":"https:\/\/experienciasapie.com\/wp-content\/uploads\/2015\/12\/logo_apie_leyenda_positivo-2.png","width":939,"height":507,"caption":"apie Experiencias Tur\u00edsticas Guiadas"},"image":{"@id":"https:\/\/experienciasapie.com\/it\/#\/schema\/logo\/image\/"},"sameAs":["https:\/\/www.facebook.com\/Experienciasapie","https:\/\/x.com\/APIExperiencias","https:\/\/www.linkedin.com\/company\/apie-experiencias-guiadas","https:\/\/www.youtube.com\/channel\/UCWevTFw8lAZZpE57iT1MeGg"]}]}},"_links":{"self":[{"href":"https:\/\/experienciasapie.com\/it\/wp-json\/wp\/v2\/pages\/2596","targetHints":{"allow":["GET"]}}],"collection":[{"href":"https:\/\/experienciasapie.com\/it\/wp-json\/wp\/v2\/pages"}],"about":[{"href":"https:\/\/experienciasapie.com\/it\/wp-json\/wp\/v2\/types\/page"}],"author":[{"embeddable":true,"href":"https:\/\/experienciasapie.com\/it\/wp-json\/wp\/v2\/users\/9192197"}],"replies":[{"embeddable":true,"href":"https:\/\/experienciasapie.com\/it\/wp-json\/wp\/v2\/comments?post=2596"}],"version-history":[{"count":3,"href":"https:\/\/experienciasapie.com\/it\/wp-json\/wp\/v2\/pages\/2596\/revisions"}],"predecessor-version":[{"id":7297,"href":"https:\/\/experienciasapie.com\/it\/wp-json\/wp\/v2\/pages\/2596\/revisions\/7297"}],"up":[{"embeddable":true,"href":"https:\/\/experienciasapie.com\/it\/wp-json\/wp\/v2\/pages\/2564"}],"wp:featuredmedia":[{"embeddable":true,"href":"https:\/\/experienciasapie.com\/it\/wp-json\/wp\/v2\/media\/3343"}],"wp:attachment":[{"href":"https:\/\/experienciasapie.com\/it\/wp-json\/wp\/v2\/media?parent=2596"}],"curies":[{"name":"wp","href":"https:\/\/api.w.org\/{rel}","templated":true}]}}