{"id":10924,"date":"2017-06-22T14:00:43","date_gmt":"2017-06-22T12:00:43","guid":{"rendered":"https:\/\/experienciasapie.com\/free-tour-sevilla\/"},"modified":"2019-10-25T12:59:07","modified_gmt":"2019-10-25T10:59:07","slug":"free-tour-siviglia","status":"publish","type":"page","link":"https:\/\/experienciasapie.com\/it\/free-tour-siviglia\/","title":{"rendered":"Free tour Siviglia in italiano"},"content":{"rendered":"<div class=\"wpb-content-wrapper\"><p>[vc_row css_animation=&#8221;&#8221; row_type=&#8221;row&#8221; use_row_as_full_screen_section=&#8221;no&#8221; type=&#8221;full_width&#8221; angled_section=&#8221;no&#8221; text_align=&#8221;left&#8221; background_image_as_pattern=&#8221;without_pattern&#8221;][vc_column][vc_column_text]<\/p>\n<p style=\"text-align: justify;\">In apie abbiamo reinterpretato il concetto <em>free tour Siviglia in italiano<\/em> e abbiamo creato una modalit\u00e0 di visite guidate a Siviglia chiamate &#8220;<em>Tu decidi il prezzo<\/em>&#8220;; una scommessa per conoscere la citt\u00e0. <strong>Mescoliamo la sostanza dei free tour con la qualit\u00e0 delle nostre visite guidate<\/strong>.<\/p>\n<p style=\"text-align: justify;\">Abbiamo diviso il centro storico di Siviglia in quattro aree, ognuna di queste zona \u00e8 l&#8217;area di un free tour in italiano.\u00a0Con queste quattro conoscerai i principali monumenti della citt\u00e0; e anche la sua storia, le sue leggende e le sue particolarit\u00e0.<\/p>\n<p>[\/vc_column_text][vc_empty_space][vc_column_text]<\/p>\n<h2>I nostri\u00a0\u00a0<em>free tour Siviglia in italiano<\/em>:<\/h2>\n<p>[\/vc_column_text][vc_empty_space height=&#8221;20px&#8221;][\/vc_column][\/vc_row][vc_row css_animation=&#8221;&#8221; row_type=&#8221;row&#8221; use_row_as_full_screen_section=&#8221;no&#8221; type=&#8221;full_width&#8221; angled_section=&#8221;no&#8221; text_align=&#8221;left&#8221; background_image_as_pattern=&#8221;without_pattern&#8221;][vc_column width=&#8221;1\/4&#8243;][vc_single_image image=&#8221;11132&#8243; img_size=&#8221;full&#8221; style=&#8221;vc_box_shadow_3d&#8221; onclick=&#8221;custom_link&#8221; img_link_target=&#8221;_blank&#8221; qode_css_animation=&#8221;&#8221; link=&#8221;https:\/\/experienciasapie.com\/it\/tour-centro-storico-siviglia\/&#8221;][\/vc_column][vc_column width=&#8221;3\/4&#8243;][vc_column_text]<\/p>\n<h3 style=\"text-align: justify;\">Siviglia Patrimonio dell\u2019Umanit\u00e0 | <a href=\"https:\/\/experienciasapie.com\/it\/tour-centro-storico-siviglia\/\" target=\"_blank\" rel=\"noopener noreferrer\">Tour per il centro storico di Siviglia<\/a><\/h3>\n<p style=\"text-align: justify;\">Un tour a piedi che ti far\u00e0 conoscere, prima di tutto, la zona monumentale, dove si trovano <strong>i tre principali palazzi dichiarati Patrimonio dell\u00b4Umanit\u00e0 dalla Unesco; <\/strong>anche ti racconteremo i loro detagli e perch\u00e9 sono cos\u00ed importanti. La seconda parte del tour \u00e8 <strong>un viaggio nel passato<\/strong>, conoscerai le tracce e le storie di diverse civilit\u00e0 e personaggi.<\/p>\n<p>[\/vc_column_text][vc_raw_html]JTNDZGl2JTIwY2xhc3MlM0QlMjJsb2FkLXR1cml0b3AlMjIlMjBkYXRhLXNlcnZpY2UlM0QlMjJQMjIlMjIlMjBkYXRhLWxhbmclM0QlMjJpdCUyMiUyMGRhdGEtZW1iZWQlM0QlMjJidXR0b24lMjIlM0VQUkVOT1RBWklPTkUlMjBERUklMjBQT1NUSSUzQyUyRmRpdiUzRQ==[\/vc_raw_html][\/vc_column][\/vc_row][vc_row css_animation=&#8221;&#8221; row_type=&#8221;row&#8221; use_row_as_full_screen_section=&#8221;no&#8221; type=&#8221;full_width&#8221; angled_section=&#8221;no&#8221; text_align=&#8221;left&#8221; background_image_as_pattern=&#8221;without_pattern&#8221;][vc_column][vc_empty_space][\/vc_column][\/vc_row][vc_row css_animation=&#8221;&#8221; row_type=&#8221;row&#8221; use_row_as_full_screen_section=&#8221;no&#8221; type=&#8221;full_width&#8221; angled_section=&#8221;no&#8221; text_align=&#8221;left&#8221; background_image_as_pattern=&#8221;without_pattern&#8221;][vc_column width=&#8221;1\/4&#8243;][vc_single_image image=&#8221;11136&#8243; img_size=&#8221;full&#8221; style=&#8221;vc_box_shadow_3d&#8221; onclick=&#8221;custom_link&#8221; img_link_target=&#8221;_blank&#8221; qode_css_animation=&#8221;&#8221; link=&#8221;https:\/\/experienciasapie.com\/it\/tour-quartiere-santa-cruz\/&#8221;][\/vc_column][vc_column width=&#8221;3\/4&#8243;][vc_column_text]<\/p>\n<h3 class=\"single-pagetitle entry-title\" style=\"text-align: justify;\"><strong>L\u2019incanto del quartiere ebraico |\u00a0<\/strong><a href=\"https:\/\/experienciasapie.com\/it\/tour-quartiere-santa-cruz\/\" target=\"_blank\" rel=\"noopener noreferrer\">Tour per il quartiere di Santa Cruz di Siviglia<\/a><\/h3>\n<p style=\"text-align: justify;\">Anche chiamamo questo tour &#8220;<strong>L\u2019incanto del Quartiere Ebraico<\/strong>&#8221; perch\u00e9 prima, in questa area della citt\u00e0, c\u00b4era una grande e prospera comunit\u00e0 ebraica. Come in tutte le nostre guide, conoscerai le aree pi\u00f9 sconoscute di Siviglia; in questo caso parliamo sul <strong>quartiere di San Bartolom\u00e9<\/strong>, dove si possono trovare delle vie strette, delle piazze nascoste e degli angoli pieni di charme.<\/p>\n<p>[\/vc_column_text][vc_raw_html]JTNDZGl2JTIwY2xhc3MlM0QlMjJsb2FkLXR1cml0b3AlMjIlMjBkYXRhLXNlcnZpY2UlM0QlMjJQMjMlMjIlMjBkYXRhLWxhbmclM0QlMjJpdCUyMiUyMGRhdGEtZW1iZWQlM0QlMjJidXR0b24lMjIlM0VQUkVOT1RBWklPTkUlMjBERUklMjBQT1NUSSUzQyUyRmRpdiUzRQ==[\/vc_raw_html][\/vc_column][\/vc_row][vc_row css_animation=&#8221;&#8221; row_type=&#8221;row&#8221; use_row_as_full_screen_section=&#8221;no&#8221; type=&#8221;full_width&#8221; angled_section=&#8221;no&#8221; text_align=&#8221;left&#8221; background_image_as_pattern=&#8221;without_pattern&#8221;][vc_column][vc_column_text]<\/p>\n<h2 style=\"text-align: left;\">Cosa significa &#8220;Tu decidi il prezzo&#8221;?<\/h2>\n<p>[\/vc_column_text][vc_empty_space height=&#8221;20px&#8221;][vc_column_text]<\/p>\n<p style=\"text-align: justify;\">\u00c8 molto semplice, noi lasciamo decidere a te, dipendendo dalla tua soddisfazione, qual \u00e8 il prezzo del tour alla fine della visita. Cio\u00e9, secondo la tua opinione sul percorso, le conoscenze della guida, la sua empatia e anche la sua efficacia quando risponde alle domande.<\/p>\n<p style=\"text-align: justify;\">In apie abbiamo fiducia in quello che facciamo perch\u00e9 <strong>le nostre guide sono professioniste<\/strong> <strong>qualificate con esperienza<\/strong>. Inoltre, uno dei nostri principiali postulati \u00e8 il fatto di lavorare con i <strong>gruppi piccoli<\/strong> (massimo 15 persone), a differenza della maggior parte delle ditte che fanno il free tour. Per questo, siamo sicuri che ti divertirai durante ogni visita.<\/p>\n<p>[\/vc_column_text][vc_empty_space][vc_column_text]<\/p>\n<h2 style=\"text-align: justify;\">Altri <em>free tour Siviglia<\/em> che puoi partecipare:<\/h2>\n<p>[\/vc_column_text][vc_empty_space height=&#8221;20px&#8221;][\/vc_column][\/vc_row][vc_row css_animation=&#8221;&#8221; row_type=&#8221;row&#8221; use_row_as_full_screen_section=&#8221;no&#8221; type=&#8221;full_width&#8221; angled_section=&#8221;no&#8221; text_align=&#8221;left&#8221; background_image_as_pattern=&#8221;without_pattern&#8221;][vc_column width=&#8221;1\/4&#8243;][vc_single_image image=&#8221;11063&#8243; img_size=&#8221;full&#8221; alignment=&#8221;center&#8221; style=&#8221;vc_box_shadow_3d&#8221; onclick=&#8221;custom_link&#8221; img_link_target=&#8221;_blank&#8221; qode_css_animation=&#8221;&#8221; link=&#8221;https:\/\/experienciasapie.com\/it\/tour-quartiere-triana\/&#8221;][\/vc_column][vc_column width=&#8221;3\/4&#8243;][vc_column_text]<\/p>\n<h3 style=\"text-align: justify;\">Le due sponde del fiume Guadalquivir | <a href=\"https:\/\/experienciasapie.com\/it\/tour-quartiere-triana\/\" target=\"_blank\" rel=\"noopener noreferrer\">Tour per il quartiere di Triana<\/a><\/h3>\n<p style=\"text-align: justify;\">Vuoi scoprire <strong>la Siviglia Marittima<\/strong>? <strong>Visiteremos la mitica Triana e anche il quartiere Arenal<\/strong>, dove si concentra lo sviluppo della tauromachia. Entrambe aree della citt\u00e0 hanno un rapporto molto importante con il fiume. Viaggieremo all\u00b4eta in cui Siviglia dominava il commercio tra l\u00b4Europa e la Spagna; a tal fine utilizzeremo delle curiosit\u00e0 e degli aneddoti.<\/p>\n<p>[\/vc_column_text][\/vc_column][\/vc_row][vc_row css_animation=&#8221;&#8221; row_type=&#8221;row&#8221; use_row_as_full_screen_section=&#8221;no&#8221; type=&#8221;full_width&#8221; angled_section=&#8221;no&#8221; text_align=&#8221;left&#8221; background_image_as_pattern=&#8221;without_pattern&#8221;][vc_column][vc_empty_space][\/vc_column][\/vc_row][vc_row css_animation=&#8221;&#8221; row_type=&#8221;row&#8221; use_row_as_full_screen_section=&#8221;no&#8221; type=&#8221;full_width&#8221; angled_section=&#8221;no&#8221; text_align=&#8221;left&#8221; background_image_as_pattern=&#8221;without_pattern&#8221;][vc_column width=&#8221;1\/4&#8243;][vc_single_image image=&#8221;11140&#8243; img_size=&#8221;full&#8221; alignment=&#8221;center&#8221; style=&#8221;vc_box_shadow_3d&#8221; onclick=&#8221;custom_link&#8221; img_link_target=&#8221;_blank&#8221; qode_css_animation=&#8221;&#8221; link=&#8221;https:\/\/experienciasapie.com\/it\/tour-piazza-spagna-siviglia\/&#8221;][\/vc_column][vc_column width=&#8221;3\/4&#8243;][vc_column_text]<\/p>\n<h3>Siviglia, un museo all\u2019aria aperta |\u00a0<a href=\"https:\/\/experienciasapie.com\/it\/tour-piazza-spagna-siviglia\/\" target=\"_blank\" rel=\"noopener noreferrer\">Tour per la Plaza de Espa\u00f1a di Siviglia<\/a><\/h3>\n<p style=\"text-align: justify;\">\u00c8 una visita guidata per conoscere uno dei posti pi\u00f9 spettacolari di Siviglia e di tutta la Spagna. Soltanto con apie conoscerai i molti segreti di questo posto, e anche l\u2019interessante e colorata Plaza de America. Inoltre, farai una passeggiata all\u00b4interno del meraviglioso Parque de Mar\u00eda Luisa; cos\u00ec scoprirai il suo origine e la sua atmosfera bucolica.<\/p>\n<p>[\/vc_column_text][\/vc_column][\/vc_row][vc_row css_animation=&#8221;&#8221; row_type=&#8221;row&#8221; use_row_as_full_screen_section=&#8221;no&#8221; type=&#8221;full_width&#8221; angled_section=&#8221;no&#8221; text_align=&#8221;left&#8221; background_image_as_pattern=&#8221;without_pattern&#8221;][vc_column][vc_separator type=&#8221;normal&#8221; style=&#8221;shadow&#8221; border_width=&#8221;5&#8243;][\/vc_column][\/vc_row]<\/p>\n<\/div>","protected":false},"excerpt":{"rendered":"<p>[vc_row css_animation=&#8221;&#8221; row_type=&#8221;row&#8221; use_row_as_full_screen_section=&#8221;no&#8221; type=&#8221;full_width&#8221; angled_section=&#8221;no&#8221; text_align=&#8221;left&#8221; background_image_as_pattern=&#8221;without_pattern&#8221;][vc_column][vc_column_text] In apie abbiamo reinterpretato il concetto free tour Siviglia in italiano e abbiamo creato una modalit\u00e0 di visite guidate a Siviglia chiamate &#8220;Tu decidi il prezzo&#8220;; una scommessa per conoscere la citt\u00e0. Mescoliamo la sostanza dei free&#8230;<\/p>\n","protected":false},"author":9192197,"featured_media":9541,"parent":0,"menu_order":0,"comment_status":"closed","ping_status":"closed","template":"","meta":{"_acf_changed":false,"footnotes":""},"class_list":["post-10924","page","type-page","status-publish","has-post-thumbnail","hentry"],"acf":[],"yoast_head":"<!-- This site is optimized with the Yoast SEO plugin v27.5 - https:\/\/yoast.com\/product\/yoast-seo-wordpress\/ -->\n<title>Free tour Siviglia in italiano<\/title>\n<meta name=\"description\" content=\"In apie abbiamo reinterpretato il concetto Free tour Siviglia in Italiano. Mescoliamo la sostanza dei free tour con la qualit\u00e0 delle nostre visite guidate.\" \/>\n<meta name=\"robots\" content=\"index, follow, max-snippet:-1, max-image-preview:large, max-video-preview:-1\" \/>\n<link rel=\"canonical\" href=\"https:\/\/experienciasapie.com\/it\/free-tour-siviglia\/\" \/>\n<meta property=\"og:locale\" content=\"it_IT\" \/>\n<meta property=\"og:type\" content=\"article\" \/>\n<meta property=\"og:title\" content=\"Free tour Siviglia in italiano\" \/>\n<meta property=\"og:description\" content=\"In apie abbiamo reinterpretato il concetto Free tour Siviglia in Italiano. Mescoliamo la sostanza dei free tour con la qualit\u00e0 delle nostre visite guidate.\" \/>\n<meta property=\"og:url\" content=\"https:\/\/experienciasapie.com\/it\/free-tour-siviglia\/\" \/>\n<meta property=\"og:site_name\" content=\"apie | Sevilla Visitas Guiadas\" \/>\n<meta property=\"article:publisher\" content=\"https:\/\/www.facebook.com\/Experienciasapie\" \/>\n<meta property=\"article:modified_time\" content=\"2019-10-25T10:59:07+00:00\" \/>\n<meta property=\"og:image\" content=\"https:\/\/experienciasapie.com\/wp-content\/uploads\/2017\/02\/tour-Tu-Decidi-il-Prezzo.jpg\" \/>\n\t<meta property=\"og:image:width\" content=\"960\" \/>\n\t<meta property=\"og:image:height\" content=\"672\" \/>\n\t<meta property=\"og:image:type\" content=\"image\/jpeg\" \/>\n<meta name=\"twitter:card\" content=\"summary_large_image\" \/>\n<meta name=\"twitter:site\" content=\"@APIExperiencias\" \/>\n<meta name=\"twitter:label1\" content=\"Tempo di lettura stimato\" \/>\n\t<meta name=\"twitter:data1\" content=\"5 minuti\" \/>\n<script type=\"application\/ld+json\" class=\"yoast-schema-graph\">{\"@context\":\"https:\\\/\\\/schema.org\",\"@graph\":[{\"@type\":\"WebPage\",\"@id\":\"https:\\\/\\\/experienciasapie.com\\\/it\\\/free-tour-siviglia\\\/\",\"url\":\"https:\\\/\\\/experienciasapie.com\\\/it\\\/free-tour-siviglia\\\/\",\"name\":\"Free tour Siviglia in italiano\",\"isPartOf\":{\"@id\":\"https:\\\/\\\/experienciasapie.com\\\/it\\\/#website\"},\"primaryImageOfPage\":{\"@id\":\"https:\\\/\\\/experienciasapie.com\\\/it\\\/free-tour-siviglia\\\/#primaryimage\"},\"image\":{\"@id\":\"https:\\\/\\\/experienciasapie.com\\\/it\\\/free-tour-siviglia\\\/#primaryimage\"},\"thumbnailUrl\":\"https:\\\/\\\/experienciasapie.com\\\/wp-content\\\/uploads\\\/2017\\\/02\\\/tour-Tu-Decidi-il-Prezzo.jpg\",\"datePublished\":\"2017-06-22T12:00:43+00:00\",\"dateModified\":\"2019-10-25T10:59:07+00:00\",\"description\":\"In apie abbiamo reinterpretato il concetto Free tour Siviglia in Italiano. Mescoliamo la sostanza dei free tour con la qualit\u00e0 delle nostre visite guidate.\",\"breadcrumb\":{\"@id\":\"https:\\\/\\\/experienciasapie.com\\\/it\\\/free-tour-siviglia\\\/#breadcrumb\"},\"inLanguage\":\"it-IT\",\"potentialAction\":[{\"@type\":\"ReadAction\",\"target\":[\"https:\\\/\\\/experienciasapie.com\\\/it\\\/free-tour-siviglia\\\/\"]}]},{\"@type\":\"ImageObject\",\"inLanguage\":\"it-IT\",\"@id\":\"https:\\\/\\\/experienciasapie.com\\\/it\\\/free-tour-siviglia\\\/#primaryimage\",\"url\":\"https:\\\/\\\/experienciasapie.com\\\/wp-content\\\/uploads\\\/2017\\\/02\\\/tour-Tu-Decidi-il-Prezzo.jpg\",\"contentUrl\":\"https:\\\/\\\/experienciasapie.com\\\/wp-content\\\/uploads\\\/2017\\\/02\\\/tour-Tu-Decidi-il-Prezzo.jpg\",\"width\":960,\"height\":672,\"caption\":\"Free tour Siviglia in italiano\"},{\"@type\":\"BreadcrumbList\",\"@id\":\"https:\\\/\\\/experienciasapie.com\\\/it\\\/free-tour-siviglia\\\/#breadcrumb\",\"itemListElement\":[{\"@type\":\"ListItem\",\"position\":1,\"name\":\"Experiencias Apie\",\"item\":\"https:\\\/\\\/experienciasapie.com\\\/it\\\/\"},{\"@type\":\"ListItem\",\"position\":2,\"name\":\"Free tour Siviglia in italiano\"}]},{\"@type\":\"WebSite\",\"@id\":\"https:\\\/\\\/experienciasapie.com\\\/it\\\/#website\",\"url\":\"https:\\\/\\\/experienciasapie.com\\\/it\\\/\",\"name\":\"apie | Sevilla Visitas Guiadas\",\"description\":\"Visitas guiadas por Sevilla\",\"publisher\":{\"@id\":\"https:\\\/\\\/experienciasapie.com\\\/it\\\/#organization\"},\"potentialAction\":[{\"@type\":\"SearchAction\",\"target\":{\"@type\":\"EntryPoint\",\"urlTemplate\":\"https:\\\/\\\/experienciasapie.com\\\/it\\\/?s={search_term_string}\"},\"query-input\":{\"@type\":\"PropertyValueSpecification\",\"valueRequired\":true,\"valueName\":\"search_term_string\"}}],\"inLanguage\":\"it-IT\"},{\"@type\":\"Organization\",\"@id\":\"https:\\\/\\\/experienciasapie.com\\\/it\\\/#organization\",\"name\":\"apie Experiencias Tur\u00edsticas Guiadas\",\"url\":\"https:\\\/\\\/experienciasapie.com\\\/it\\\/\",\"logo\":{\"@type\":\"ImageObject\",\"inLanguage\":\"it-IT\",\"@id\":\"https:\\\/\\\/experienciasapie.com\\\/it\\\/#\\\/schema\\\/logo\\\/image\\\/\",\"url\":\"https:\\\/\\\/experienciasapie.com\\\/wp-content\\\/uploads\\\/2015\\\/12\\\/logo_apie_leyenda_positivo-2.png\",\"contentUrl\":\"https:\\\/\\\/experienciasapie.com\\\/wp-content\\\/uploads\\\/2015\\\/12\\\/logo_apie_leyenda_positivo-2.png\",\"width\":939,\"height\":507,\"caption\":\"apie Experiencias Tur\u00edsticas Guiadas\"},\"image\":{\"@id\":\"https:\\\/\\\/experienciasapie.com\\\/it\\\/#\\\/schema\\\/logo\\\/image\\\/\"},\"sameAs\":[\"https:\\\/\\\/www.facebook.com\\\/Experienciasapie\",\"https:\\\/\\\/x.com\\\/APIExperiencias\",\"https:\\\/\\\/www.linkedin.com\\\/company\\\/apie-experiencias-guiadas\",\"https:\\\/\\\/www.youtube.com\\\/channel\\\/UCWevTFw8lAZZpE57iT1MeGg\"]}]}<\/script>\n<!-- \/ Yoast SEO plugin. -->","yoast_head_json":{"title":"Free tour Siviglia in italiano","description":"In apie abbiamo reinterpretato il concetto Free tour Siviglia in Italiano. Mescoliamo la sostanza dei free tour con la qualit\u00e0 delle nostre visite guidate.","robots":{"index":"index","follow":"follow","max-snippet":"max-snippet:-1","max-image-preview":"max-image-preview:large","max-video-preview":"max-video-preview:-1"},"canonical":"https:\/\/experienciasapie.com\/it\/free-tour-siviglia\/","og_locale":"it_IT","og_type":"article","og_title":"Free tour Siviglia in italiano","og_description":"In apie abbiamo reinterpretato il concetto Free tour Siviglia in Italiano. Mescoliamo la sostanza dei free tour con la qualit\u00e0 delle nostre visite guidate.","og_url":"https:\/\/experienciasapie.com\/it\/free-tour-siviglia\/","og_site_name":"apie | Sevilla Visitas Guiadas","article_publisher":"https:\/\/www.facebook.com\/Experienciasapie","article_modified_time":"2019-10-25T10:59:07+00:00","og_image":[{"width":960,"height":672,"url":"https:\/\/experienciasapie.com\/wp-content\/uploads\/2017\/02\/tour-Tu-Decidi-il-Prezzo.jpg","type":"image\/jpeg"}],"twitter_card":"summary_large_image","twitter_site":"@APIExperiencias","twitter_misc":{"Tempo di lettura stimato":"5 minuti"},"schema":{"@context":"https:\/\/schema.org","@graph":[{"@type":"WebPage","@id":"https:\/\/experienciasapie.com\/it\/free-tour-siviglia\/","url":"https:\/\/experienciasapie.com\/it\/free-tour-siviglia\/","name":"Free tour Siviglia in italiano","isPartOf":{"@id":"https:\/\/experienciasapie.com\/it\/#website"},"primaryImageOfPage":{"@id":"https:\/\/experienciasapie.com\/it\/free-tour-siviglia\/#primaryimage"},"image":{"@id":"https:\/\/experienciasapie.com\/it\/free-tour-siviglia\/#primaryimage"},"thumbnailUrl":"https:\/\/experienciasapie.com\/wp-content\/uploads\/2017\/02\/tour-Tu-Decidi-il-Prezzo.jpg","datePublished":"2017-06-22T12:00:43+00:00","dateModified":"2019-10-25T10:59:07+00:00","description":"In apie abbiamo reinterpretato il concetto Free tour Siviglia in Italiano. Mescoliamo la sostanza dei free tour con la qualit\u00e0 delle nostre visite guidate.","breadcrumb":{"@id":"https:\/\/experienciasapie.com\/it\/free-tour-siviglia\/#breadcrumb"},"inLanguage":"it-IT","potentialAction":[{"@type":"ReadAction","target":["https:\/\/experienciasapie.com\/it\/free-tour-siviglia\/"]}]},{"@type":"ImageObject","inLanguage":"it-IT","@id":"https:\/\/experienciasapie.com\/it\/free-tour-siviglia\/#primaryimage","url":"https:\/\/experienciasapie.com\/wp-content\/uploads\/2017\/02\/tour-Tu-Decidi-il-Prezzo.jpg","contentUrl":"https:\/\/experienciasapie.com\/wp-content\/uploads\/2017\/02\/tour-Tu-Decidi-il-Prezzo.jpg","width":960,"height":672,"caption":"Free tour Siviglia in italiano"},{"@type":"BreadcrumbList","@id":"https:\/\/experienciasapie.com\/it\/free-tour-siviglia\/#breadcrumb","itemListElement":[{"@type":"ListItem","position":1,"name":"Experiencias Apie","item":"https:\/\/experienciasapie.com\/it\/"},{"@type":"ListItem","position":2,"name":"Free tour Siviglia in italiano"}]},{"@type":"WebSite","@id":"https:\/\/experienciasapie.com\/it\/#website","url":"https:\/\/experienciasapie.com\/it\/","name":"apie | Sevilla Visitas Guiadas","description":"Visitas guiadas por Sevilla","publisher":{"@id":"https:\/\/experienciasapie.com\/it\/#organization"},"potentialAction":[{"@type":"SearchAction","target":{"@type":"EntryPoint","urlTemplate":"https:\/\/experienciasapie.com\/it\/?s={search_term_string}"},"query-input":{"@type":"PropertyValueSpecification","valueRequired":true,"valueName":"search_term_string"}}],"inLanguage":"it-IT"},{"@type":"Organization","@id":"https:\/\/experienciasapie.com\/it\/#organization","name":"apie Experiencias Tur\u00edsticas Guiadas","url":"https:\/\/experienciasapie.com\/it\/","logo":{"@type":"ImageObject","inLanguage":"it-IT","@id":"https:\/\/experienciasapie.com\/it\/#\/schema\/logo\/image\/","url":"https:\/\/experienciasapie.com\/wp-content\/uploads\/2015\/12\/logo_apie_leyenda_positivo-2.png","contentUrl":"https:\/\/experienciasapie.com\/wp-content\/uploads\/2015\/12\/logo_apie_leyenda_positivo-2.png","width":939,"height":507,"caption":"apie Experiencias Tur\u00edsticas Guiadas"},"image":{"@id":"https:\/\/experienciasapie.com\/it\/#\/schema\/logo\/image\/"},"sameAs":["https:\/\/www.facebook.com\/Experienciasapie","https:\/\/x.com\/APIExperiencias","https:\/\/www.linkedin.com\/company\/apie-experiencias-guiadas","https:\/\/www.youtube.com\/channel\/UCWevTFw8lAZZpE57iT1MeGg"]}]}},"_links":{"self":[{"href":"https:\/\/experienciasapie.com\/it\/wp-json\/wp\/v2\/pages\/10924","targetHints":{"allow":["GET"]}}],"collection":[{"href":"https:\/\/experienciasapie.com\/it\/wp-json\/wp\/v2\/pages"}],"about":[{"href":"https:\/\/experienciasapie.com\/it\/wp-json\/wp\/v2\/types\/page"}],"author":[{"embeddable":true,"href":"https:\/\/experienciasapie.com\/it\/wp-json\/wp\/v2\/users\/9192197"}],"replies":[{"embeddable":true,"href":"https:\/\/experienciasapie.com\/it\/wp-json\/wp\/v2\/comments?post=10924"}],"version-history":[{"count":17,"href":"https:\/\/experienciasapie.com\/it\/wp-json\/wp\/v2\/pages\/10924\/revisions"}],"predecessor-version":[{"id":13754,"href":"https:\/\/experienciasapie.com\/it\/wp-json\/wp\/v2\/pages\/10924\/revisions\/13754"}],"wp:featuredmedia":[{"embeddable":true,"href":"https:\/\/experienciasapie.com\/it\/wp-json\/wp\/v2\/media\/9541"}],"wp:attachment":[{"href":"https:\/\/experienciasapie.com\/it\/wp-json\/wp\/v2\/media?parent=10924"}],"curies":[{"name":"wp","href":"https:\/\/api.w.org\/{rel}","templated":true}]}}